{"id":599,"date":"2024-06-14T20:00:51","date_gmt":"2024-06-14T18:00:51","guid":{"rendered":"https:\/\/key7.si\/usluge\/"},"modified":"2026-04-15T21:53:02","modified_gmt":"2026-04-15T19:53:02","slug":"usluge","status":"publish","type":"page","link":"https:\/\/key7.si\/me\/usluge\/","title":{"rendered":"Usluge"},"content":{"rendered":"<p>[et_pb_section fb_built=&#8221;1&#8243; admin_label=&#8221;Gallery&#8221; _builder_version=&#8221;4.25.1&#8243; _module_preset=&#8221;default&#8221; background_color=&#8221;#08161E&#8221; background_image=&#8221;https:\/\/key7.si\/wp-content\/uploads\/2024\/06\/event-space-13-2.png&#8221; background_size=&#8221;initial&#8221; background_position=&#8221;bottom_center&#8221; background_last_edited=&#8221;off|tablet&#8221; background_size_tablet=&#8221;cover&#8221; global_colors_info=&#8221;{%22gcid-3f47e762-ddb9-4bcc-9a88-eb1cda6175db%22:%91%93,%22gcid-9452e02f-d11f-42fc-a9f8-16803f93b5d0%22:%91%93,%22gcid-abdd1dfe-115d-40b5-9c1d-c1c9635de504%22:%91%93}&#8221;][et_pb_row _builder_version=&#8221;4.16&#8243; _module_preset=&#8221;default&#8221; global_colors_info=&#8221;{}&#8221;][et_pb_column type=&#8221;4_4&#8243; _builder_version=&#8221;4.16&#8243; _module_preset=&#8221;default&#8221; global_colors_info=&#8221;{}&#8221;][et_pb_text _builder_version=&#8221;4.16&#8243; _module_preset=&#8221;90865f4d-2cce-42a7-b40e-d3fbad25605a&#8221; header_2_font=&#8221;Prata||||||||&#8221; header_2_text_color=&#8221;#FFFFFF&#8221; header_2_font_size=&#8221;60px&#8221; header_2_line_height=&#8221;1.2em&#8221; background_layout=&#8221;dark&#8221; max_width=&#8221;560px&#8221; custom_margin=&#8221;||0px||false|false&#8221; header_2_font_size_tablet=&#8221;32px&#8221; header_2_font_size_phone=&#8221;20px&#8221; header_2_font_size_last_edited=&#8221;on|tablet&#8221; header_2_line_height_tablet=&#8221;1.3em&#8221; header_2_line_height_phone=&#8221;1.4em&#8221; header_2_line_height_last_edited=&#8221;on|phone&#8221; global_colors_info=&#8221;{%22gcid-3f47e762-ddb9-4bcc-9a88-eb1cda6175db%22:%91%93}&#8221;]<\/p>\n<h2>Na\u0161e usluge<\/h2>\n<p>[\/et_pb_text][\/et_pb_column][\/et_pb_row][et_pb_row column_structure=&#8221;1_3,1_3,1_3&#8243; _builder_version=&#8221;4.16&#8243; _module_preset=&#8221;default&#8221; max_width=&#8221;1440px&#8221; global_colors_info=&#8221;{}&#8221;][et_pb_column type=&#8221;1_3&#8243; _builder_version=&#8221;4.16&#8243; _module_preset=&#8221;default&#8221; global_colors_info=&#8221;{}&#8221;][et_pb_text _builder_version=&#8221;4.25.2&#8243; _module_preset=&#8221;default&#8221; header_3_font=&#8221;|800|||||||&#8221; header_3_text_color=&#8221;#FFFFFF&#8221; header_3_font_size=&#8221;28px&#8221; header_3_line_height=&#8221;1.2em&#8221; background_enable_color=&#8221;off&#8221; use_background_color_gradient=&#8221;on&#8221; background_color_gradient_direction=&#8221;23deg&#8221; background_color_gradient_stops=&#8221;#08161e 31%|rgba(10,1,5,0) 100%&#8221; background_color_gradient_overlays_image=&#8221;on&#8221; background_image=&#8221;https:\/\/key7.si\/wp-content\/uploads\/2024\/06\/DALL\u00b7E-2024-06-25-14.38.53-A-modern-corporate-office-setting-with-a-diverse-group-of-professionals-engaged-in-a-meeting.-They-are-seated-around-a-large-conference-table-with-la-1.webp&#8221; min_height=&#8221;400px&#8221; custom_padding=&#8221;280px|24px|24px|24px|false|false&#8221; link_option_url=&#8221;\/me\/usluge\/corporate-communication\/&#8221; hover_enabled=&#8221;0&#8243; global_colors_info=&#8221;{}&#8221; sticky_enabled=&#8221;0&#8243;]<\/p>\n<h3>Korporativne komunikacije<\/h3>\n<p>[\/et_pb_text][et_pb_text _builder_version=&#8221;4.25.2&#8243; _module_preset=&#8221;default&#8221; header_3_font=&#8221;|800|||||||&#8221; header_3_text_color=&#8221;#FFFFFF&#8221; header_3_font_size=&#8221;28px&#8221; header_3_line_height=&#8221;1.2em&#8221; background_enable_color=&#8221;off&#8221; use_background_color_gradient=&#8221;on&#8221; background_color_gradient_direction=&#8221;23deg&#8221; background_color_gradient_stops=&#8221;#08161e 31%|rgba(10,1,5,0) 100%&#8221; background_color_gradient_overlays_image=&#8221;on&#8221; background_image=&#8221;https:\/\/key7.si\/wp-content\/uploads\/2024\/06\/DALL\u00b7E-2024-06-25-15.18.41-A-detailed-image-illustrating-the-complexity-of-the-energy-industry.-The-scene-includes-a-modern-wind-farm-with-wind-turbines-a-large-solar-power-pla-1.webp&#8221; min_height=&#8221;400px&#8221; custom_padding=&#8221;280px|24px|24px|24px|false|false&#8221; link_option_url=&#8221;\/me\/usluge\/komunikacija-u-slozenom-energetskom-sektoru\/&#8221; hover_enabled=&#8221;0&#8243; global_colors_info=&#8221;{}&#8221; sticky_enabled=&#8221;0&#8243;]<\/p>\n<h3>Komunikacija u slo\u017eenom energetskom sektoru<\/h3>\n<p>[\/et_pb_text][et_pb_text _builder_version=&#8221;4.25.2&#8243; _module_preset=&#8221;default&#8221; header_3_font=&#8221;|800|||||||&#8221; header_3_text_color=&#8221;#FFFFFF&#8221; header_3_font_size=&#8221;28px&#8221; header_3_line_height=&#8221;1.2em&#8221; background_enable_color=&#8221;off&#8221; use_background_color_gradient=&#8221;on&#8221; background_color_gradient_direction=&#8221;23deg&#8221; background_color_gradient_stops=&#8221;#08161e 31%|rgba(10,1,5,0) 100%&#8221; background_color_gradient_overlays_image=&#8221;on&#8221; background_image=&#8221;https:\/\/key7.si\/wp-content\/uploads\/2024\/06\/DALL\u00b7E-2024-06-27-17.21.55-A-sleek-and-modern-cover-image-for-the-7NIS2-Checklist.-The-design-features-a-simple-and-clean-layout-with-the-title-7NIS2-Checklist-prominently-dis-1.webp&#8221; min_height=&#8221;300px&#8221; custom_padding=&#8221;180px|24px|24px|24px|false|false&#8221; link_option_url=&#8221;\/me\/usluge\/nis2-kontrolna-lista\/&#8221; hover_enabled=&#8221;0&#8243; global_colors_info=&#8221;{}&#8221; sticky_enabled=&#8221;0&#8243;]<\/p>\n<h3>NIS2<\/h3>\n<h3>kontrolna lista<\/h3>\n<p>[\/et_pb_text][et_pb_text _builder_version=&#8221;4.25.2&#8243; _module_preset=&#8221;default&#8221; header_3_font=&#8221;|800|||||||&#8221; header_3_text_color=&#8221;#FFFFFF&#8221; header_3_font_size=&#8221;28px&#8221; header_3_line_height=&#8221;1.2em&#8221; background_enable_color=&#8221;off&#8221; use_background_color_gradient=&#8221;on&#8221; background_color_gradient_direction=&#8221;23deg&#8221; background_color_gradient_stops=&#8221;#08161e 31%|rgba(10,1,5,0) 100%&#8221; background_color_gradient_overlays_image=&#8221;on&#8221; background_image=&#8221;https:\/\/key7.si\/wp-content\/uploads\/2024\/06\/DALL\u00b7E-2024-06-27-17.26.26-A-featured-image-for-ESG-Communication-focusing-on-Environmental-Social-and-Governance-ESG-considerations.-The-image-depicts-a-corporate-setting-1.webp&#8221; min_height=&#8221;400px&#8221; custom_padding=&#8221;280px|24px|24px|24px|false|false&#8221; link_option_url=&#8221;\/me\/usluge\/esg-komunikacija\/&#8221; hover_enabled=&#8221;0&#8243; global_colors_info=&#8221;{}&#8221; sticky_enabled=&#8221;0&#8243;]<\/p>\n<h3>ESG komunikacija<\/h3>\n<p>[\/et_pb_text][et_pb_text _builder_version=&#8221;4.25.2&#8243; _module_preset=&#8221;default&#8221; header_3_font=&#8221;|800|||||||&#8221; header_3_text_color=&#8221;#FFFFFF&#8221; header_3_font_size=&#8221;28px&#8221; header_3_line_height=&#8221;1.2em&#8221; background_enable_color=&#8221;off&#8221; use_background_color_gradient=&#8221;on&#8221; background_color_gradient_direction=&#8221;23deg&#8221; background_color_gradient_stops=&#8221;#08161e 31%|rgba(10,1,5,0) 100%&#8221; background_color_gradient_overlays_image=&#8221;on&#8221; background_image=&#8221;https:\/\/key7.si\/wp-content\/uploads\/2025\/07\/74D2E29A-741D-4297-9EB0-7D3716ECBB80.jpg&#8221; min_height=&#8221;400px&#8221; custom_padding=&#8221;281px|24px|24px|24px|false|false&#8221; link_option_url=&#8221;\/me\/usluge\/procjena-rizika-od-korupcije\/&#8221; hover_enabled=&#8221;0&#8243; global_colors_info=&#8221;{}&#8221; sticky_enabled=&#8221;0&#8243;]<\/p>\n<h3><b>Procjena rizika od korupcije<\/b><\/h3>\n<p>[\/et_pb_text][et_pb_text _builder_version=&#8221;4.25.2&#8243; _module_preset=&#8221;default&#8221; header_3_font=&#8221;|800|||||||&#8221; header_3_text_color=&#8221;#FFFFFF&#8221; header_3_font_size=&#8221;28px&#8221; header_3_line_height=&#8221;1.2em&#8221; background_enable_color=&#8221;off&#8221; use_background_color_gradient=&#8221;on&#8221; background_color_gradient_direction=&#8221;23deg&#8221; background_color_gradient_stops=&#8221;#08161e 31%|rgba(10,1,5,0) 100%&#8221; background_color_gradient_overlays_image=&#8221;on&#8221; background_image=&#8221;https:\/\/key7.si\/wp-content\/uploads\/2025\/07\/3AD2D796-CAD9-4C9D-9F4D-FFCFA36CA29F.jpg&#8221; min_height=&#8221;400px&#8221; custom_padding=&#8221;281px|24px|24px|24px|false|false&#8221; link_option_url=&#8221;\/me\/usluge\/pranje-novca-oduzimanje-i-konfiskacija-nezakonito-stecene-imovine\/&#8221; hover_enabled=&#8221;0&#8243; global_colors_info=&#8221;{}&#8221; sticky_enabled=&#8221;0&#8243;]<\/p>\n<h3><b>Pranje novca, oduzimanje i konfiskacija nezakonito ste\u010dene imovine<\/b><\/h3>\n<p>[\/et_pb_text][et_pb_text _builder_version=&#8221;4.25.2&#8243; _module_preset=&#8221;default&#8221; header_3_font=&#8221;|800|||||||&#8221; header_3_text_color=&#8221;#FFFFFF&#8221; header_3_font_size=&#8221;28px&#8221; header_3_line_height=&#8221;1.2em&#8221; background_enable_color=&#8221;off&#8221; use_background_color_gradient=&#8221;on&#8221; background_color_gradient_direction=&#8221;23deg&#8221; background_color_gradient_stops=&#8221;#08161e 31%|rgba(10,1,5,0) 100%&#8221; background_color_gradient_overlays_image=&#8221;on&#8221; background_image=&#8221;https:\/\/key7.si\/wp-content\/uploads\/2025\/07\/58ED5418-13BC-4FD0-A599-93DAE7BE08FC.jpeg&#8221; min_height=&#8221;400px&#8221; custom_padding=&#8221;281px|24px|281px|24px|false|false&#8221; link_option_url=&#8221;\/me\/usluge\/politicki-rizici-i-stratesko-predvidanje\/&#8221; hover_enabled=&#8221;0&#8243; global_colors_info=&#8221;{}&#8221; sticky_enabled=&#8221;0&#8243;]<\/p>\n<h3><b>Politi\u010dki rizik i strate\u0161ko predvi\u0111anje<\/b><\/h3>\n<p>[\/et_pb_text][\/et_pb_column][et_pb_column type=&#8221;1_3&#8243; _builder_version=&#8221;4.16&#8243; _module_preset=&#8221;default&#8221; global_colors_info=&#8221;{}&#8221;][et_pb_text _builder_version=&#8221;4.25.2&#8243; _module_preset=&#8221;default&#8221; header_3_font=&#8221;|800|||||||&#8221; header_3_text_color=&#8221;#FFFFFF&#8221; header_3_font_size=&#8221;28px&#8221; header_3_line_height=&#8221;1.2em&#8221; background_enable_color=&#8221;off&#8221; use_background_color_gradient=&#8221;on&#8221; background_color_gradient_direction=&#8221;23deg&#8221; background_color_gradient_stops=&#8221;#08161e 31%|rgba(10,1,5,0) 100%&#8221; background_color_gradient_overlays_image=&#8221;on&#8221; background_image=&#8221;https:\/\/key7.si\/wp-content\/uploads\/2024\/06\/DALL\u00b7E-2024-06-25-14.46.38-A-chaotic-and-tense-corporate-office-setting-with-a-group-of-professionals-in-a-crisis-meeting.-Papers-are-scattered-on-the-table-some-people-are-sta-1.webp&#8221; min_height=&#8221;450px&#8221; custom_padding=&#8221;380px|24px|24px|24px|false|false&#8221; link_option_url=&#8221;\/me\/usluge\/krizne-komunikacije\/&#8221; hover_enabled=&#8221;0&#8243; global_colors_info=&#8221;{}&#8221; sticky_enabled=&#8221;0&#8243;]<\/p>\n<h3>Krizne komunikacije<\/h3>\n<p>[\/et_pb_text][et_pb_text _builder_version=&#8221;4.25.2&#8243; _module_preset=&#8221;default&#8221; header_3_font=&#8221;|800|||||||&#8221; header_3_text_color=&#8221;#FFFFFF&#8221; header_3_font_size=&#8221;28px&#8221; header_3_line_height=&#8221;1.2em&#8221; background_enable_color=&#8221;off&#8221; use_background_color_gradient=&#8221;on&#8221; background_color_gradient_direction=&#8221;23deg&#8221; background_color_gradient_stops=&#8221;#08161e 31%|rgba(10,1,5,0) 100%&#8221; background_color_gradient_overlays_image=&#8221;on&#8221; background_image=&#8221;https:\/\/key7.si\/wp-content\/uploads\/2024\/06\/DALL\u00b7E-2024-06-25-15.02.07-A-corporate-office-setting-in-the-midst-of-an-emergency-public-relations-response.-Professionals-are-gathered-around-a-table-with-phones-laptops-and-1.webp&#8221; min_height=&#8221;300px&#8221; custom_padding=&#8221;180px|24px|24px|24px|false|false&#8221; link_option_url=&#8221;\/me\/usluge\/hitni-pr-24-7\/&#8221; hover_enabled=&#8221;0&#8243; global_colors_info=&#8221;{}&#8221; sticky_enabled=&#8221;0&#8243;]<\/p>\n<h3>Hitni<\/h3>\n<h3>PR 24\/7<\/h3>\n<p>[\/et_pb_text][et_pb_text _builder_version=&#8221;4.25.2&#8243; _module_preset=&#8221;default&#8221; header_3_font=&#8221;|800|||||||&#8221; header_3_text_color=&#8221;#FFFFFF&#8221; header_3_font_size=&#8221;28px&#8221; header_3_line_height=&#8221;1.2em&#8221; background_enable_color=&#8221;off&#8221; use_background_color_gradient=&#8221;on&#8221; background_color_gradient_direction=&#8221;23deg&#8221; background_color_gradient_stops=&#8221;#08161e 31%|rgba(10,1,5,0) 100%&#8221; background_color_gradient_overlays_image=&#8221;on&#8221; background_image=&#8221;https:\/\/key7.si\/wp-content\/uploads\/2024\/06\/DALL\u00b7E-2024-06-25-15.06.57-A-modern-office-environment-with-a-focus-on-information-security-services.-Professionals-are-seated-at-desks-with-multiple-monitors-displaying-cyberse-1.webp&#8221; min_height=&#8221;400px&#8221; custom_padding=&#8221;280px|24px|24px|24px|false|false&#8221; link_option_url=&#8221;\/me\/usluge\/usluge-informacione-bezbjednosti\/&#8221; hover_enabled=&#8221;0&#8243; global_colors_info=&#8221;{}&#8221; sticky_enabled=&#8221;0&#8243;]<\/p>\n<h3>Usluge informacione bezbjednosti<\/h3>\n<p>[\/et_pb_text][et_pb_text _builder_version=&#8221;4.25.2&#8243; _module_preset=&#8221;default&#8221; header_3_font=&#8221;|800|||||||&#8221; header_3_text_color=&#8221;#FFFFFF&#8221; header_3_font_size=&#8221;28px&#8221; header_3_line_height=&#8221;1.2em&#8221; background_enable_color=&#8221;off&#8221; use_background_color_gradient=&#8221;on&#8221; background_color_gradient_direction=&#8221;23deg&#8221; background_color_gradient_stops=&#8221;#08161e 31%|rgba(10,1,5,0) 100%&#8221; background_color_gradient_overlays_image=&#8221;on&#8221; background_image=&#8221;https:\/\/key7.si\/wp-content\/uploads\/2025\/07\/0F5DA46F-E1CC-4299-B660-3EC60BA5DB95.jpg&#8221; min_height=&#8221;400px&#8221; custom_padding=&#8221;280px|24px|24px|24px|false|false&#8221; link_option_url=&#8221;\/me\/usluge\/komunikacija-u-oblasti-zastite-zivotne-sredine\/&#8221; hover_enabled=&#8221;0&#8243; global_colors_info=&#8221;{}&#8221; sticky_enabled=&#8221;0&#8243;]<\/p>\n<h3>Komunikacija u oblasti za\u0161tite \u017eivotne sredine<\/h3>\n<p>[\/et_pb_text][et_pb_text _builder_version=&#8221;4.25.2&#8243; _module_preset=&#8221;default&#8221; header_3_font=&#8221;|800|||||||&#8221; header_3_text_color=&#8221;#FFFFFF&#8221; header_3_font_size=&#8221;28px&#8221; header_3_line_height=&#8221;1.2em&#8221; background_enable_color=&#8221;off&#8221; use_background_color_gradient=&#8221;on&#8221; background_color_gradient_direction=&#8221;23deg&#8221; background_color_gradient_stops=&#8221;#08161e 31%|rgba(10,1,5,0) 100%&#8221; background_color_gradient_overlays_image=&#8221;on&#8221; background_image=&#8221;https:\/\/key7.si\/wp-content\/uploads\/2025\/07\/DAFCE655-BDB4-48AC-8F01-B37E060FB693.jpeg&#8221; min_height=&#8221;400px&#8221; custom_padding=&#8221;280px|24px|24px|24px|false|false&#8221; link_option_url=&#8221;\/me\/usluge\/dobro-upravljanje-u-javnim-privatnim-i-sportskim-organizacijama\/&#8221; hover_enabled=&#8221;0&#8243; global_colors_info=&#8221;{}&#8221; sticky_enabled=&#8221;0&#8243;]<\/p>\n<h3><b>Dobro upravljanje u javnim, privatnim i sportskim organizacijama<\/b><\/h3>\n<p>[\/et_pb_text][et_pb_text _builder_version=&#8221;4.25.2&#8243; _module_preset=&#8221;default&#8221; header_3_font=&#8221;|800|||||||&#8221; header_3_text_color=&#8221;#FFFFFF&#8221; header_3_font_size=&#8221;28px&#8221; header_3_line_height=&#8221;1.2em&#8221; background_enable_color=&#8221;off&#8221; use_background_color_gradient=&#8221;on&#8221; background_color_gradient_direction=&#8221;23deg&#8221; background_color_gradient_stops=&#8221;#08161e 31%|rgba(10,1,5,0) 100%&#8221; background_color_gradient_overlays_image=&#8221;on&#8221; background_image=&#8221;https:\/\/key7.si\/wp-content\/uploads\/2025\/07\/1318639E-F20A-4B80-BCE2-9B7A9684390A.jpeg&#8221; min_height=&#8221;400px&#8221; custom_padding=&#8221;280px|24px|24px|24px|false|false&#8221; link_option_url=&#8221;\/me\/usluge\/reforme-pravosuda-i-javne-uprave\/&#8221; hover_enabled=&#8221;0&#8243; global_colors_info=&#8221;{}&#8221; sticky_enabled=&#8221;0&#8243;]<\/p>\n<h3><b>Reforme pravosu\u0111a i javne uprave<\/b><\/h3>\n<p>[\/et_pb_text][et_pb_text _builder_version=&#8221;4.25.2&#8243; _module_preset=&#8221;default&#8221; header_3_font=&#8221;|800|||||||&#8221; header_3_text_color=&#8221;#FFFFFF&#8221; header_3_font_size=&#8221;28px&#8221; header_3_line_height=&#8221;1.2em&#8221; background_enable_color=&#8221;off&#8221; use_background_color_gradient=&#8221;on&#8221; background_color_gradient_direction=&#8221;23deg&#8221; background_color_gradient_stops=&#8221;#08161e 31%|rgba(10,1,5,0) 100%&#8221; background_color_gradient_overlays_image=&#8221;on&#8221; background_image=&#8221;https:\/\/key7.si\/wp-content\/uploads\/2025\/07\/E6DC1C98-F2FD-42B7-BBCC-9CB401CC279B.jpg&#8221; min_height=&#8221;400px&#8221; custom_padding=&#8221;280px|24px|24px|24px|false|false&#8221; link_option_url=&#8221;\/me\/usluge\/treninzi-i-simulacije\/&#8221; hover_enabled=&#8221;0&#8243; global_colors_info=&#8221;{}&#8221; sticky_enabled=&#8221;0&#8243;]<\/p>\n<h3><b>Treninzi i simulacije<\/b><\/h3>\n<p>[\/et_pb_text][\/et_pb_column][et_pb_column type=&#8221;1_3&#8243; _builder_version=&#8221;4.16&#8243; _module_preset=&#8221;default&#8221; global_colors_info=&#8221;{}&#8221;][et_pb_text _builder_version=&#8221;4.25.2&#8243; _module_preset=&#8221;default&#8221; header_3_font=&#8221;|800|||||||&#8221; header_3_text_color=&#8221;#FFFFFF&#8221; header_3_font_size=&#8221;28px&#8221; header_3_line_height=&#8221;1.2em&#8221; background_enable_color=&#8221;off&#8221; use_background_color_gradient=&#8221;on&#8221; background_color_gradient_direction=&#8221;23deg&#8221; background_color_gradient_stops=&#8221;#08161e 31%|rgba(10,1,5,0) 100%&#8221; background_color_gradient_overlays_image=&#8221;on&#8221; background_image=&#8221;https:\/\/key7.si\/wp-content\/uploads\/2024\/06\/DALL\u00b7E-2024-06-27-17.15.44-A-small-private-control-room-with-a-unique-layout.-Only-two-or-three-people-are-present-working-together.-One-person-is-seated-at-a-desk-with-multip-1.webp&#8221; min_height=&#8221;300px&#8221; custom_padding=&#8221;180px|24px|24px|24px|false|false&#8221; link_option_url=&#8221;\/me\/usluge\/komunikacija-u-kompleksnim-krizama\/&#8221; hover_enabled=&#8221;0&#8243; global_colors_info=&#8221;{}&#8221; sticky_enabled=&#8221;0&#8243;]<\/p>\n<h3>Komunikacija u kompleksnim krizama<\/h3>\n<p>[\/et_pb_text][et_pb_text _builder_version=&#8221;4.25.2&#8243; _module_preset=&#8221;default&#8221; header_3_font=&#8221;|800|||||||&#8221; header_3_text_color=&#8221;#FFFFFF&#8221; header_3_font_size=&#8221;28px&#8221; header_3_line_height=&#8221;1.2em&#8221; background_enable_color=&#8221;off&#8221; use_background_color_gradient=&#8221;on&#8221; background_color_gradient_direction=&#8221;23deg&#8221; background_color_gradient_stops=&#8221;#08161e 31%|rgba(10,1,5,0) 100%&#8221; background_color_gradient_overlays_image=&#8221;on&#8221; background_image=&#8221;https:\/\/key7.si\/wp-content\/uploads\/2024\/06\/DALL\u00b7E-2024-06-27-17.19.52-A-digital-representation-of-cyber-and-infrastructure-security.-The-scene-includes-interconnected-nodes-and-networks-showcasing-data-flow-and-cybersec-1.webp&#8221; min_height=&#8221;400px&#8221; custom_padding=&#8221;280px|24px|24px|24px|false|false&#8221; link_option_url=&#8221;\/me\/usluge\/komunikacija-sajber-i-infrastrukturne-bezbjednosti\/&#8221; hover_enabled=&#8221;0&#8243; global_colors_info=&#8221;{}&#8221; sticky_enabled=&#8221;0&#8243;]<\/p>\n<h3>Komunikacija sajber i infrastrukturne bezbjednosti<\/h3>\n<p>[\/et_pb_text][et_pb_text _builder_version=&#8221;4.25.2&#8243; _module_preset=&#8221;default&#8221; header_3_font=&#8221;|800|||||||&#8221; header_3_text_color=&#8221;#FFFFFF&#8221; header_3_font_size=&#8221;28px&#8221; header_3_line_height=&#8221;1.2em&#8221; background_enable_color=&#8221;off&#8221; use_background_color_gradient=&#8221;on&#8221; background_color_gradient_direction=&#8221;23deg&#8221; background_color_gradient_stops=&#8221;#08161e 31%|rgba(10,1,5,0) 100%&#8221; background_color_gradient_overlays_image=&#8221;on&#8221; background_image=&#8221;https:\/\/key7.si\/wp-content\/uploads\/2024\/06\/DALL\u00b7E-2024-06-27-17.24.56-A-featured-image-for-Communicating-Corporate-Activism-depicting-a-diverse-group-of-people-engaged-in-a-collaborative-discussion.-The-background-incl-1.webp&#8221; min_height=&#8221;400px&#8221; custom_padding=&#8221;280px|24px|24px|24px|false|false&#8221; link_option_url=&#8221;\/me\/usluge\/komunikacija-korporativnog-aktivizma\/&#8221; hover_enabled=&#8221;0&#8243; global_colors_info=&#8221;{}&#8221; sticky_enabled=&#8221;0&#8243;]<\/p>\n<h3>Komunikacija korporativnog aktivizma<\/h3>\n<p>[\/et_pb_text][et_pb_text _builder_version=&#8221;4.25.2&#8243; _module_preset=&#8221;default&#8221; header_3_font=&#8221;|800|||||||&#8221; header_3_text_color=&#8221;#FFFFFF&#8221; header_3_font_size=&#8221;28px&#8221; header_3_line_height=&#8221;1.2em&#8221; background_enable_color=&#8221;off&#8221; use_background_color_gradient=&#8221;on&#8221; background_color_gradient_direction=&#8221;23deg&#8221; background_color_gradient_stops=&#8221;#08161e 31%|rgba(10,1,5,0) 100%&#8221; background_color_gradient_overlays_image=&#8221;on&#8221; background_image=&#8221;https:\/\/key7.si\/wp-content\/uploads\/2025\/07\/054E6A5A-7649-41C2-85E2-37EBE434EC3B.jpg&#8221; min_height=&#8221;400px&#8221; custom_padding=&#8221;280px|24px|24px|24px|false|false&#8221; link_option_url=&#8221;\/me\/usluge\/usluge-u-oblasti-antikorupcije\/&#8221; hover_enabled=&#8221;0&#8243; global_colors_info=&#8221;{}&#8221; sticky_enabled=&#8221;0&#8243;]<\/p>\n<h3><b>Usluge u oblasti antikorupcije<\/b><\/h3>\n<p>[\/et_pb_text][et_pb_text _builder_version=&#8221;4.25.2&#8243; _module_preset=&#8221;default&#8221; header_3_font=&#8221;|800|||||||&#8221; header_3_text_color=&#8221;#FFFFFF&#8221; header_3_font_size=&#8221;28px&#8221; header_3_line_height=&#8221;1.2em&#8221; background_enable_color=&#8221;off&#8221; use_background_color_gradient=&#8221;on&#8221; background_color_gradient_direction=&#8221;23deg&#8221; background_color_gradient_stops=&#8221;#08161e 31%|rgba(10,1,5,0) 100%&#8221; background_color_gradient_overlays_image=&#8221;on&#8221; background_image=&#8221;https:\/\/key7.si\/wp-content\/uploads\/2025\/07\/EC3A33C2-4ED4-4A0F-8A94-7677D9F2722B.jpg&#8221; min_height=&#8221;400px&#8221; custom_padding=&#8221;280px|24px|24px|24px|false|false&#8221; link_option_url=&#8221;\/me\/usluge\/borba-protiv-organizovanog-kriminala\/&#8221; hover_enabled=&#8221;0&#8243; global_colors_info=&#8221;{}&#8221; sticky_enabled=&#8221;0&#8243;]<\/p>\n<h3><b>Usluge u borbi protiv organizovanog kriminala<\/b><\/h3>\n<p>[\/et_pb_text][et_pb_text _builder_version=&#8221;4.25.2&#8243; _module_preset=&#8221;default&#8221; header_3_font=&#8221;|800|||||||&#8221; header_3_text_color=&#8221;#FFFFFF&#8221; header_3_font_size=&#8221;28px&#8221; header_3_line_height=&#8221;1.2em&#8221; background_enable_color=&#8221;off&#8221; use_background_color_gradient=&#8221;on&#8221; background_color_gradient_direction=&#8221;23deg&#8221; background_color_gradient_stops=&#8221;#08161e 31%|rgba(10,1,5,0) 100%&#8221; background_color_gradient_overlays_image=&#8221;on&#8221; background_image=&#8221;https:\/\/key7.si\/wp-content\/uploads\/2025\/07\/B7024344-7C47-40DB-822A-EEF41EB915C5.jpg&#8221; min_height=&#8221;400px&#8221; custom_padding=&#8221;280px|24px|24px|24px|false|false&#8221; link_option_url=&#8221;\/me\/usluge\/komunikacija-u-vezi-sa-energetskim-projektima\/&#8221; hover_enabled=&#8221;0&#8243; global_colors_info=&#8221;{}&#8221; sticky_enabled=&#8221;0&#8243;]<\/p>\n<h3><b>Komunikacija u vezi sa energetskim projektima<\/b><\/h3>\n<p>[\/et_pb_text][et_pb_text _builder_version=&#8221;4.25.2&#8243; _module_preset=&#8221;default&#8221; header_3_font=&#8221;|800|||||||&#8221; header_3_text_color=&#8221;#FFFFFF&#8221; header_3_font_size=&#8221;28px&#8221; header_3_line_height=&#8221;1.2em&#8221; background_enable_color=&#8221;off&#8221; use_background_color_gradient=&#8221;on&#8221; background_color_gradient_direction=&#8221;23deg&#8221; background_color_gradient_stops=&#8221;#08161e 31%|rgba(10,1,5,0) 100%&#8221; background_color_gradient_overlays_image=&#8221;on&#8221; background_image=&#8221;https:\/\/key7.si\/wp-content\/uploads\/2025\/07\/B5614389-F50C-4FF8-8220-C62247A661A4.jpg&#8221; min_height=&#8221;400px&#8221; custom_padding=&#8221;280px|24px|24px|24px|false|false&#8221; link_option_url=&#8221;\/me\/usluge\/reputacioni-oporavak-nakon-krize\/&#8221; hover_enabled=&#8221;0&#8243; global_colors_info=&#8221;{}&#8221; sticky_enabled=&#8221;0&#8243;]<\/p>\n<h3><b>Reputacioni oporavak nakon krize<\/b><\/h3>\n<p>[\/et_pb_text][\/et_pb_column][\/et_pb_row][\/et_pb_section]<\/p>\n","protected":false},"excerpt":{"rendered":"<p>Na\u0161e uslugeKorporativne komunikacijeKomunikacija u slo\u017eenom energetskom sektoruNIS2 kontrolna listaESG komunikacijaProcjena rizika od korupcijePranje novca, oduzimanje i konfiskacija nezakonito ste\u010dene imovinePoliti\u010dki rizik i strate\u0161ko predvi\u0111anjeKrizne komunikacijeHitni PR 24\/7Usluge informacione bezbjednostiKomunikacija u oblasti za\u0161tite \u017eivotne sredineDobro upravljanje u javnim, privatnim i sportskim organizacijamaReforme pravosu\u0111a i javne upraveTreninzi i simulacijeKomunikacija u kompleksnim krizamaKomunikacija sajber i infrastrukturne bezbjednostiKomunikacija korporativnog [&hellip;]<\/p>\n","protected":false},"author":1,"featured_media":0,"parent":0,"menu_order":0,"comment_status":"closed","ping_status":"closed","template":"","meta":{"_et_pb_use_builder":"on","_et_pb_old_content":"","_et_gb_content_width":"","_themeisle_gutenberg_block_has_review":false,"footnotes":""},"class_list":["post-599","page","type-page","status-publish","hentry"],"_links":{"self":[{"href":"https:\/\/key7.si\/me\/wp-json\/wp\/v2\/pages\/599","targetHints":{"allow":["GET"]}}],"collection":[{"href":"https:\/\/key7.si\/me\/wp-json\/wp\/v2\/pages"}],"about":[{"href":"https:\/\/key7.si\/me\/wp-json\/wp\/v2\/types\/page"}],"author":[{"embeddable":true,"href":"https:\/\/key7.si\/me\/wp-json\/wp\/v2\/users\/1"}],"replies":[{"embeddable":true,"href":"https:\/\/key7.si\/me\/wp-json\/wp\/v2\/comments?post=599"}],"version-history":[{"count":5,"href":"https:\/\/key7.si\/me\/wp-json\/wp\/v2\/pages\/599\/revisions"}],"predecessor-version":[{"id":749,"href":"https:\/\/key7.si\/me\/wp-json\/wp\/v2\/pages\/599\/revisions\/749"}],"wp:attachment":[{"href":"https:\/\/key7.si\/me\/wp-json\/wp\/v2\/media?parent=599"}],"curies":[{"name":"wp","href":"https:\/\/api.w.org\/{rel}","templated":true}]}}